{"id":3196,"date":"2020-11-03T16:26:40","date_gmt":"2020-11-03T15:26:40","guid":{"rendered":"https:\/\/www.intermeca.com\/mentions-legales\/"},"modified":"2020-11-03T16:58:17","modified_gmt":"2020-11-03T15:58:17","slug":"rechtlicher-hinweis","status":"publish","type":"page","link":"https:\/\/www.intermeca.com\/de\/rechtlicher-hinweis\/","title":{"rendered":"Rechtlicher Hinweis"},"content":{"rendered":"\t\t<div data-elementor-type=\"wp-page\" data-elementor-id=\"3196\" class=\"elementor elementor-3196 elementor-3193\" data-elementor-post-type=\"page\">\n\t\t\t\t\t\t<section class=\"elementor-section elementor-top-section elementor-element elementor-element-16776963 elementor-section-height-min-height elementor-section-boxed elementor-section-height-default elementor-section-items-middle elementor-invisible\" data-id=\"16776963\" data-element_type=\"section\" data-settings=\"{&quot;background_background&quot;:&quot;classic&quot;,&quot;background_motion_fx_motion_fx_scrolling&quot;:&quot;yes&quot;,&quot;background_motion_fx_translateY_effect&quot;:&quot;yes&quot;,&quot;background_motion_fx_translateY_speed&quot;:{&quot;unit&quot;:&quot;px&quot;,&quot;size&quot;:9,&quot;sizes&quot;:[]},&quot;animation&quot;:&quot;fadeIn&quot;,&quot;background_motion_fx_translateY_affectedRange&quot;:{&quot;unit&quot;:&quot;%&quot;,&quot;size&quot;:&quot;&quot;,&quot;sizes&quot;:{&quot;start&quot;:0,&quot;end&quot;:100}},&quot;background_motion_fx_devices&quot;:[&quot;desktop&quot;,&quot;tablet&quot;,&quot;mobile&quot;]}\">\n\t\t\t\t\t\t<div class=\"elementor-container elementor-column-gap-default\">\n\t\t\t\t\t<div class=\"elementor-column elementor-col-50 elementor-top-column elementor-element elementor-element-19d056c9\" data-id=\"19d056c9\" data-element_type=\"column\" data-settings=\"{&quot;background_background&quot;:&quot;classic&quot;}\">\n\t\t\t<div class=\"elementor-widget-wrap elementor-element-populated\">\n\t\t\t\t\t\t<div class=\"elementor-element elementor-element-101c96c8 elementor-widget__width-initial elementor-widget elementor-widget-heading\" data-id=\"101c96c8\" data-element_type=\"widget\" data-widget_type=\"heading.default\">\n\t\t\t\t<div class=\"elementor-widget-container\">\n\t\t\t\t\t<h1 class=\"elementor-heading-title elementor-size-default\">Rechtlicher Hinweis<\/h1>\t\t\t\t<\/div>\n\t\t\t\t<\/div>\n\t\t\t\t<div class=\"elementor-element elementor-element-50020c0 elementor-widget elementor-widget-text-editor\" data-id=\"50020c0\" data-element_type=\"widget\" data-widget_type=\"text-editor.default\">\n\t\t\t\t<div class=\"elementor-widget-container\">\n\t\t\t\t\t\t\t\t\t<p>&amp; Datenschutz-Bestimmungen<\/p>\t\t\t\t\t\t\t\t<\/div>\n\t\t\t\t<\/div>\n\t\t\t\t\t<\/div>\n\t\t<\/div>\n\t\t\t\t<div class=\"elementor-column elementor-col-50 elementor-top-column elementor-element elementor-element-522d937b\" data-id=\"522d937b\" data-element_type=\"column\">\n\t\t\t<div class=\"elementor-widget-wrap\">\n\t\t\t\t\t\t\t<\/div>\n\t\t<\/div>\n\t\t\t\t\t<\/div>\n\t\t<\/section>\n\t\t\t\t<section class=\"elementor-section elementor-top-section elementor-element elementor-element-37aa2459 elementor-section-boxed elementor-section-height-default elementor-section-height-default\" data-id=\"37aa2459\" data-element_type=\"section\">\n\t\t\t\t\t\t<div class=\"elementor-container elementor-column-gap-default\">\n\t\t\t\t\t<div class=\"elementor-column elementor-col-100 elementor-top-column elementor-element elementor-element-16808c1\" data-id=\"16808c1\" data-element_type=\"column\">\n\t\t\t<div class=\"elementor-widget-wrap elementor-element-populated\">\n\t\t\t\t\t\t<div class=\"elementor-element elementor-element-b35ceb3 elementor-widget elementor-widget-text-editor\" data-id=\"b35ceb3\" data-element_type=\"widget\" data-widget_type=\"text-editor.default\">\n\t\t\t\t<div class=\"elementor-widget-container\">\n\t\t\t\t\t\t\t\t\t<h2>Wer sind wir?<\/h2><p>Die Adresse unserer Website lautet: www.intermeca.com<\/p><h3>Herausgeber<\/h3><p>Die Website wird herausgegeben von Jean Claude SCALZO<br \/>SAS INTERMECA<br \/>P.A.E. von Pr\u00e9-Mairy<br \/>125, Primav\u00e9ra Park Lane &#8211; PRINGY<br \/>74370 ANNECY &#8211; Frankreich<\/p><p>+33(0)4 50 66 87 45<br \/>info@intermeca.com<br \/>&#8212;<br \/>Siret Nummer: 44039611700036<\/p><h3>Gastgeber<\/h3><p>Gastgeber ist :<\/p><p>OVH<br \/>2 rue Kellermann<br \/>59100 Roubaix &#8211; Frankreich.<br \/>https:\/\/www.ovh.com\/<\/p><h3>Webdesign :<\/h3><p>www.procomag.ch<\/p><h3>Foto-Credits :<\/h3><p>Entbl\u00f6\u00dft<br \/>Pixabay<br \/>Fotos der Einzahlung<br \/>Verschlussstopfen<br \/>Envato-Elemente<br \/>Intermeca<\/p><h3>Sammlung und Verarbeitung von Informationen :<\/h3><p>Diese Website kann pers\u00f6nliche Informationen (Name, Vornamen, Telefonnummern, E-Mail und\/oder IP-Adresse) sammeln.<br \/>Wir verwenden diese Informationen f\u00fcr unsere eigenen Zwecke:<\/p><p>F\u00fcr statistische Zwecke (Informationen \u00fcber Verkehr und Nutzung der Website, Zugriffsseiten und Verweise auf die Website, IP-Adressen).<br \/>Um auf Ihre Anfragen \u00fcber die Formulare auf der Website zu antworten (Name, Vornamen, Telefonnummern, E-Mail und IP-Adresse).<br \/>In Formulare eingegebene Daten:<\/p><p>Wenn Sie uns \u00fcber ein Kontaktformular auf der Website kontaktieren:<\/p><p>Ihre Nachricht wird an die Person \u00fcbermittelt, die f\u00fcr Ihre Anfrage zust\u00e4ndig ist (technischer Leiter der Website, Abteilungsleiter, Ausbildungsleiter oder Verwaltungsabteilung).<br \/>Ihre Daten (E-Mail-Adresse, Name und Vorname, Korrespondenzwechsel werden f\u00fcr die Dauer unseres Austausches, maximal jedoch f\u00fcr 3 Jahre, archiviert.)<br \/>L\u00f6schung Ihrer pers\u00f6nlichen Daten.<\/p><p>Sie k\u00f6nnen jederzeit die L\u00f6schung Ihrer pers\u00f6nlichen Daten und die \u00dcbertragung der auf der Website archivierten Daten verlangen, indem Sie uns eine E-Mail an info@intermeca.com senden.<\/p><h3>Cookies :<\/h3><p>Das Browsen auf unserer Website kann das Vorhandensein von Cookies beinhalten:<\/p><p>Erstellt von unserem Gastgeber (_240plan und_240planBAK) &#8211; https:\/\/www.ovh.com\/.<br \/>Erstellt von wordpress, unserer Verlagssoftware (wordpress_test_cookie) &#8211; https:\/\/wordpress.org\/<\/p><p>Dar\u00fcber hinaus nutzt die Website Dienstleistungen Dritter, was die Installation von Cookie(s) auf dem Computer des Benutzers verursachen kann.<br \/>Ein Cookie ist eine kleine Datei, die Informationen bez\u00fcglich der Navigation eines Computers auf einer Website aufzeichnet. Die so gewonnenen Daten sind dazu bestimmt, Informationen zwischen zwei Browsings auf einer Website zu speichern.<br \/>Die Weigerung, ein Cookie zu installieren, kann den Zugang zu bestimmten Diensten unm\u00f6glich machen. Der Benutzer kann seinen Computer jedoch wie folgt konfigurieren, um die Installation von Cookies abzulehnen:<\/p><p>Unter Internet Explorer: Werkzeugregister (Zahnradsymbol in der oberen rechten Ecke)\/Internetoptionen. Klicken Sie auf Vertraulichkeit und w\u00e4hlen Sie Alle Cookies blockieren. Best\u00e4tigen Sie auf Ok.<br \/>Unter Firefox: Klicken Sie oben im Browserfenster auf die Schaltfl\u00e4che Firefox und gehen Sie dann zur Registerkarte Optionen. Klicken Sie auf die Registerkarte Datenschutz. Festlegen der Aufbewahrungsregeln auf: Verwendung benutzerdefinierter Einstellungen f\u00fcr die Historie. Deaktivieren Sie schlie\u00dflich das Kontrollk\u00e4stchen, um Cookies zu deaktivieren.<br \/>Unter Safari: Klicken Sie auf das Men\u00fc-Symbol (symbolisiert durch ein Zahnrad) oben rechts im Browser. W\u00e4hlen Sie Einstellungen. Klicken Sie auf Erweiterte Einstellungen anzeigen. Klicken Sie im Abschnitt &#8222;Datenschutz&#8220; auf Inhaltseinstellungen. Im Abschnitt &#8222;Cookies&#8220; k\u00f6nnen Sie Cookies blockieren.<br \/>Unter Chrome: Klicken Sie auf das Men\u00fc-Symbol (symbolisiert durch drei horizontale Linien) oben rechts im Browser. W\u00e4hlen Sie Einstellungen. Klicken Sie auf Erweiterte Einstellungen anzeigen. Klicken Sie im Abschnitt &#8222;Datenschutz&#8220; auf Pr\u00e4ferenzen. In der Registerkarte &#8222;Datenschutz&#8220; k\u00f6nnen Sie Cookies blockieren.<\/p><p>Einige Tools von Drittanbietern stellen verhaltensorientierte Anzeigen bereit. Sie k\u00f6nnen diesen Dienst nutzen, um die Informationen anzuzeigen, die Sie mit diesen Tools teilen.<\/p><h3>Liste der Dienstleistungen Dritter, die auf der Website genutzt werden d\u00fcrfen:<\/h3><p>Diese Website nutzt Dienstleistungen Dritter, die von externen Dienstleistungsanbietern angeboten werden. Wir laden Sie ein, deren Richtlinien zur Datenerhebung, -nutzung und -verarbeitung zu konsultieren:<\/p><p>Dienstleistungen im Zusammenhang mit Hosting:<br \/>OVH.COM<br \/>Statistikbezogene Dienstleistungen :<br \/>Google-Analysen<br \/>Externe Links und Datenintegration :<\/p><p>Die Website enth\u00e4lt Hyperlinks zu anderen Websites. Wir haben jedoch keine M\u00f6glichkeit, den Inhalt der besuchten Seiten zu \u00fcberpr\u00fcfen und k\u00f6nnen daher keine Haftung daf\u00fcr \u00fcbernehmen.<\/p><h3>Anwendbares Recht<\/h3><p>Diese Website sowie die vorliegenden rechtlichen Hinweise unterliegen dem franz\u00f6sischen Recht.<\/p><p>\u00dcbersetzt mit www.DeepL.com\/Translator (kostenlose Version)<\/p>\t\t\t\t\t\t\t\t<\/div>\n\t\t\t\t<\/div>\n\t\t\t\t\t<\/div>\n\t\t<\/div>\n\t\t\t\t\t<\/div>\n\t\t<\/section>\n\t\t\t\t<\/div>\n\t\t","protected":false},"excerpt":{"rendered":"<p>Rechtlicher Hinweis &amp; Datenschutz-Bestimmungen Wer sind wir? Die Adresse unserer Website lautet: www.intermeca.com Herausgeber Die Website wird herausgegeben von Jean Claude SCALZOSAS INTERMECAP.A.E. von Pr\u00e9-Mairy125, Primav\u00e9ra Park Lane &#8211; PRINGY74370 ANNECY &#8211; Frankreich +33(0)4 50 66 87 45info@intermeca.com&#8212;Siret Nummer: 44039611700036 Gastgeber Gastgeber ist : OVH2 rue Kellermann59100 Roubaix &#8211; Frankreich.https:\/\/www.ovh.com\/ Webdesign : www.procomag.ch Foto-Credits : [&hellip;]<\/p>\n","protected":false},"author":2,"featured_media":0,"parent":0,"menu_order":-100,"comment_status":"closed","ping_status":"closed","template":"","meta":{"site-sidebar-layout":"no-sidebar","site-content-layout":"page-builder","ast-site-content-layout":"default","site-content-style":"default","site-sidebar-style":"default","ast-global-header-display":"","ast-banner-title-visibility":"","ast-main-header-display":"","ast-hfb-above-header-display":"","ast-hfb-below-header-display":"","ast-hfb-mobile-header-display":"","site-post-title":"disabled","ast-breadcrumbs-content":"","ast-featured-img":"disabled","footer-sml-layout":"","theme-transparent-header-meta":"default","adv-header-id-meta":"","stick-header-meta":"","header-above-stick-meta":"","header-main-stick-meta":"","header-below-stick-meta":"","astra-migrate-meta-layouts":"default","ast-page-background-enabled":"default","ast-page-background-meta":{"desktop":{"background-color":"","background-image":"","background-repeat":"repeat","background-position":"center center","background-size":"auto","background-attachment":"scroll","background-type":"","background-media":"","overlay-type":"","overlay-color":"","overlay-opacity":"","overlay-gradient":""},"tablet":{"background-color":"","background-image":"","background-repeat":"repeat","background-position":"center center","background-size":"auto","background-attachment":"scroll","background-type":"","background-media":"","overlay-type":"","overlay-color":"","overlay-opacity":"","overlay-gradient":""},"mobile":{"background-color":"","background-image":"","background-repeat":"repeat","background-position":"center center","background-size":"auto","background-attachment":"scroll","background-type":"","background-media":"","overlay-type":"","overlay-color":"","overlay-opacity":"","overlay-gradient":""}},"ast-content-background-meta":{"desktop":{"background-color":"var(--ast-global-color-5)","background-image":"","background-repeat":"repeat","background-position":"center center","background-size":"auto","background-attachment":"scroll","background-type":"","background-media":"","overlay-type":"","overlay-color":"","overlay-opacity":"","overlay-gradient":""},"tablet":{"background-color":"var(--ast-global-color-5)","background-image":"","background-repeat":"repeat","background-position":"center center","background-size":"auto","background-attachment":"scroll","background-type":"","background-media":"","overlay-type":"","overlay-color":"","overlay-opacity":"","overlay-gradient":""},"mobile":{"background-color":"var(--ast-global-color-5)","background-image":"","background-repeat":"repeat","background-position":"center center","background-size":"auto","background-attachment":"scroll","background-type":"","background-media":"","overlay-type":"","overlay-color":"","overlay-opacity":"","overlay-gradient":""}},"footnotes":""},"class_list":["post-3196","page","type-page","status-publish","hentry"],"yoast_head":"<!-- This site is optimized with the Yoast SEO plugin v27.3 - https:\/\/yoast.com\/product\/yoast-seo-wordpress\/ -->\n<title>Rechtlicher Hinweis - Intermeca<\/title>\n<meta name=\"robots\" content=\"index, nofollow, max-snippet:-1, max-image-preview:large, max-video-preview:-1\" \/>\n<link rel=\"canonical\" href=\"https:\/\/www.intermeca.com\/de\/rechtlicher-hinweis\/\" \/>\n<meta property=\"og:locale\" content=\"de_DE\" \/>\n<meta property=\"og:type\" content=\"article\" \/>\n<meta property=\"og:title\" content=\"Rechtlicher Hinweis - Intermeca\" \/>\n<meta property=\"og:description\" content=\"Rechtlicher Hinweis &amp; Datenschutz-Bestimmungen Wer sind wir? Die Adresse unserer Website lautet: www.intermeca.com Herausgeber Die Website wird herausgegeben von Jean Claude SCALZOSAS INTERMECAP.A.E. von Pr\u00e9-Mairy125, Primav\u00e9ra Park Lane &#8211; PRINGY74370 ANNECY &#8211; Frankreich +33(0)4 50 66 87 45info@intermeca.com&#8212;Siret Nummer: 44039611700036 Gastgeber Gastgeber ist : OVH2 rue Kellermann59100 Roubaix &#8211; Frankreich.https:\/\/www.ovh.com\/ Webdesign : www.procomag.ch Foto-Credits : [&hellip;]\" \/>\n<meta property=\"og:url\" content=\"https:\/\/www.intermeca.com\/de\/rechtlicher-hinweis\/\" \/>\n<meta property=\"og:site_name\" content=\"Intermeca\" \/>\n<meta property=\"article:modified_time\" content=\"2020-11-03T15:58:17+00:00\" \/>\n<meta name=\"twitter:card\" content=\"summary_large_image\" \/>\n<script type=\"application\/ld+json\" class=\"yoast-schema-graph\">{\"@context\":\"https:\\\/\\\/schema.org\",\"@graph\":[{\"@type\":\"WebPage\",\"@id\":\"https:\\\/\\\/www.intermeca.com\\\/de\\\/rechtlicher-hinweis\\\/\",\"url\":\"https:\\\/\\\/www.intermeca.com\\\/de\\\/rechtlicher-hinweis\\\/\",\"name\":\"Rechtlicher Hinweis - Intermeca\",\"isPartOf\":{\"@id\":\"https:\\\/\\\/www.intermeca.com\\\/de\\\/#website\"},\"datePublished\":\"2020-11-03T15:26:40+00:00\",\"dateModified\":\"2020-11-03T15:58:17+00:00\",\"breadcrumb\":{\"@id\":\"https:\\\/\\\/www.intermeca.com\\\/de\\\/rechtlicher-hinweis\\\/#breadcrumb\"},\"inLanguage\":\"de\",\"potentialAction\":[{\"@type\":\"ReadAction\",\"target\":[\"https:\\\/\\\/www.intermeca.com\\\/de\\\/rechtlicher-hinweis\\\/\"]}]},{\"@type\":\"BreadcrumbList\",\"@id\":\"https:\\\/\\\/www.intermeca.com\\\/de\\\/rechtlicher-hinweis\\\/#breadcrumb\",\"itemListElement\":[{\"@type\":\"ListItem\",\"position\":1,\"name\":\"Accueil\",\"item\":\"https:\\\/\\\/www.intermeca.com\\\/de\\\/\"},{\"@type\":\"ListItem\",\"position\":2,\"name\":\"Rechtlicher Hinweis\"}]},{\"@type\":\"WebSite\",\"@id\":\"https:\\\/\\\/www.intermeca.com\\\/de\\\/#website\",\"url\":\"https:\\\/\\\/www.intermeca.com\\\/de\\\/\",\"name\":\"Intermeca\",\"description\":\"\",\"publisher\":{\"@id\":\"https:\\\/\\\/www.intermeca.com\\\/de\\\/#organization\"},\"potentialAction\":[{\"@type\":\"SearchAction\",\"target\":{\"@type\":\"EntryPoint\",\"urlTemplate\":\"https:\\\/\\\/www.intermeca.com\\\/de\\\/?s={search_term_string}\"},\"query-input\":{\"@type\":\"PropertyValueSpecification\",\"valueRequired\":true,\"valueName\":\"search_term_string\"}}],\"inLanguage\":\"de\"},{\"@type\":\"Organization\",\"@id\":\"https:\\\/\\\/www.intermeca.com\\\/de\\\/#organization\",\"name\":\"Intermeca\",\"url\":\"https:\\\/\\\/www.intermeca.com\\\/de\\\/\",\"logo\":{\"@type\":\"ImageObject\",\"inLanguage\":\"de\",\"@id\":\"https:\\\/\\\/www.intermeca.com\\\/de\\\/#\\\/schema\\\/logo\\\/image\\\/\",\"url\":\"https:\\\/\\\/www.intermeca.com\\\/wp-content\\\/uploads\\\/2020\\\/06\\\/LOGO-Intermeca-retina.png\",\"contentUrl\":\"https:\\\/\\\/www.intermeca.com\\\/wp-content\\\/uploads\\\/2020\\\/06\\\/LOGO-Intermeca-retina.png\",\"width\":560,\"height\":232,\"caption\":\"Intermeca\"},\"image\":{\"@id\":\"https:\\\/\\\/www.intermeca.com\\\/de\\\/#\\\/schema\\\/logo\\\/image\\\/\"}}]}<\/script>\n<!-- \/ Yoast SEO plugin. -->","yoast_head_json":{"title":"Rechtlicher Hinweis - Intermeca","robots":{"index":"index","follow":"nofollow","max-snippet":"max-snippet:-1","max-image-preview":"max-image-preview:large","max-video-preview":"max-video-preview:-1"},"canonical":"https:\/\/www.intermeca.com\/de\/rechtlicher-hinweis\/","og_locale":"de_DE","og_type":"article","og_title":"Rechtlicher Hinweis - Intermeca","og_description":"Rechtlicher Hinweis &amp; Datenschutz-Bestimmungen Wer sind wir? Die Adresse unserer Website lautet: www.intermeca.com Herausgeber Die Website wird herausgegeben von Jean Claude SCALZOSAS INTERMECAP.A.E. von Pr\u00e9-Mairy125, Primav\u00e9ra Park Lane &#8211; PRINGY74370 ANNECY &#8211; Frankreich +33(0)4 50 66 87 45info@intermeca.com&#8212;Siret Nummer: 44039611700036 Gastgeber Gastgeber ist : OVH2 rue Kellermann59100 Roubaix &#8211; Frankreich.https:\/\/www.ovh.com\/ Webdesign : www.procomag.ch Foto-Credits : [&hellip;]","og_url":"https:\/\/www.intermeca.com\/de\/rechtlicher-hinweis\/","og_site_name":"Intermeca","article_modified_time":"2020-11-03T15:58:17+00:00","twitter_card":"summary_large_image","schema":{"@context":"https:\/\/schema.org","@graph":[{"@type":"WebPage","@id":"https:\/\/www.intermeca.com\/de\/rechtlicher-hinweis\/","url":"https:\/\/www.intermeca.com\/de\/rechtlicher-hinweis\/","name":"Rechtlicher Hinweis - Intermeca","isPartOf":{"@id":"https:\/\/www.intermeca.com\/de\/#website"},"datePublished":"2020-11-03T15:26:40+00:00","dateModified":"2020-11-03T15:58:17+00:00","breadcrumb":{"@id":"https:\/\/www.intermeca.com\/de\/rechtlicher-hinweis\/#breadcrumb"},"inLanguage":"de","potentialAction":[{"@type":"ReadAction","target":["https:\/\/www.intermeca.com\/de\/rechtlicher-hinweis\/"]}]},{"@type":"BreadcrumbList","@id":"https:\/\/www.intermeca.com\/de\/rechtlicher-hinweis\/#breadcrumb","itemListElement":[{"@type":"ListItem","position":1,"name":"Accueil","item":"https:\/\/www.intermeca.com\/de\/"},{"@type":"ListItem","position":2,"name":"Rechtlicher Hinweis"}]},{"@type":"WebSite","@id":"https:\/\/www.intermeca.com\/de\/#website","url":"https:\/\/www.intermeca.com\/de\/","name":"Intermeca","description":"","publisher":{"@id":"https:\/\/www.intermeca.com\/de\/#organization"},"potentialAction":[{"@type":"SearchAction","target":{"@type":"EntryPoint","urlTemplate":"https:\/\/www.intermeca.com\/de\/?s={search_term_string}"},"query-input":{"@type":"PropertyValueSpecification","valueRequired":true,"valueName":"search_term_string"}}],"inLanguage":"de"},{"@type":"Organization","@id":"https:\/\/www.intermeca.com\/de\/#organization","name":"Intermeca","url":"https:\/\/www.intermeca.com\/de\/","logo":{"@type":"ImageObject","inLanguage":"de","@id":"https:\/\/www.intermeca.com\/de\/#\/schema\/logo\/image\/","url":"https:\/\/www.intermeca.com\/wp-content\/uploads\/2020\/06\/LOGO-Intermeca-retina.png","contentUrl":"https:\/\/www.intermeca.com\/wp-content\/uploads\/2020\/06\/LOGO-Intermeca-retina.png","width":560,"height":232,"caption":"Intermeca"},"image":{"@id":"https:\/\/www.intermeca.com\/de\/#\/schema\/logo\/image\/"}}]}},"_links":{"self":[{"href":"https:\/\/www.intermeca.com\/de\/wp-json\/wp\/v2\/pages\/3196","targetHints":{"allow":["GET"]}}],"collection":[{"href":"https:\/\/www.intermeca.com\/de\/wp-json\/wp\/v2\/pages"}],"about":[{"href":"https:\/\/www.intermeca.com\/de\/wp-json\/wp\/v2\/types\/page"}],"author":[{"embeddable":true,"href":"https:\/\/www.intermeca.com\/de\/wp-json\/wp\/v2\/users\/2"}],"replies":[{"embeddable":true,"href":"https:\/\/www.intermeca.com\/de\/wp-json\/wp\/v2\/comments?post=3196"}],"version-history":[{"count":0,"href":"https:\/\/www.intermeca.com\/de\/wp-json\/wp\/v2\/pages\/3196\/revisions"}],"wp:attachment":[{"href":"https:\/\/www.intermeca.com\/de\/wp-json\/wp\/v2\/media?parent=3196"}],"curies":[{"name":"wp","href":"https:\/\/api.w.org\/{rel}","templated":true}]}}